{"id":1558,"date":"2022-02-28T19:58:12","date_gmt":"2022-02-28T18:58:12","guid":{"rendered":"http:\/\/kiu-design.de\/?page_id=1558"},"modified":"2022-08-16T22:58:14","modified_gmt":"2022-08-16T20:58:14","slug":"uiux","status":"publish","type":"page","link":"http:\/\/kiu-design.de\/en\/uiux\/","title":{"rendered":"UI\/UX-Design"},"content":{"rendered":"<div data-elementor-type=\"wp-page\" data-elementor-id=\"1558\" class=\"elementor elementor-1558\">\n\t\t\t\t\t\t<section class=\"elementor-section elementor-top-section elementor-element elementor-element-354b5d3 elementor-section-boxed elementor-section-height-default elementor-section-height-default\" data-id=\"354b5d3\" data-element_type=\"section\" data-settings=\"{&quot;background_background&quot;:&quot;classic&quot;}\">\n\t\t\t\t\t\t\t<div class=\"elementor-background-overlay\"><\/div>\n\t\t\t\t\t\t\t<div class=\"elementor-container elementor-column-gap-no\">\n\t\t\t\t\t<div class=\"elementor-column elementor-col-100 elementor-top-column elementor-element elementor-element-545b8c8\" data-id=\"545b8c8\" data-element_type=\"column\">\n\t\t\t<div class=\"elementor-widget-wrap elementor-element-populated\">\n\t\t\t\t\t\t<div class=\"elementor-element elementor-element-a9775e5 elementor-widget elementor-widget-heading\" data-id=\"a9775e5\" data-element_type=\"widget\" data-widget_type=\"heading.default\">\n\t\t\t\t<div class=\"elementor-widget-container\">\n\t\t\t\t\t<h6 class=\"elementor-heading-title elementor-size-default\">Kommunikation und Verstehen<\/h6>\t\t\t\t<\/div>\n\t\t\t\t<\/div>\n\t\t\t\t<div class=\"elementor-element elementor-element-975bde7 elementor-widget elementor-widget-heading\" data-id=\"975bde7\" data-element_type=\"widget\" data-widget_type=\"heading.default\">\n\t\t\t\t<div class=\"elementor-widget-container\">\n\t\t\t\t\t<h1 class=\"elementor-heading-title elementor-size-default\">UX Design<\/h1>\t\t\t\t<\/div>\n\t\t\t\t<\/div>\n\t\t\t\t<div class=\"elementor-element elementor-element-363bb92 elementor-widget elementor-widget-heading\" data-id=\"363bb92\" data-element_type=\"widget\" data-widget_type=\"heading.default\">\n\t\t\t\t<div class=\"elementor-widget-container\">\n\t\t\t\t\t<h3 class=\"elementor-heading-title elementor-size-default\">Interface | Experience<\/h3>\t\t\t\t<\/div>\n\t\t\t\t<\/div>\n\t\t\t\t<div class=\"elementor-element elementor-element-d5dd713 elementor-widget-divider--view-line elementor-widget elementor-widget-divider\" data-id=\"d5dd713\" data-element_type=\"widget\" data-widget_type=\"divider.default\">\n\t\t\t\t<div class=\"elementor-widget-container\">\n\t\t\t\t\t\t\t<div class=\"elementor-divider\">\n\t\t\t<span class=\"elementor-divider-separator\">\n\t\t\t\t\t\t<\/span>\n\t\t<\/div>\n\t\t\t\t\t\t<\/div>\n\t\t\t\t<\/div>\n\t\t\t\t\t<\/div>\n\t\t<\/div>\n\t\t\t\t\t<\/div>\n\t\t<\/section>\n\t\t\t\t<section class=\"elementor-section elementor-top-section elementor-element elementor-element-02b2066 elementor-section-boxed elementor-section-height-default elementor-section-height-default\" data-id=\"02b2066\" data-element_type=\"section\">\n\t\t\t\t\t\t<div class=\"elementor-container elementor-column-gap-no\">\n\t\t\t\t\t<div class=\"elementor-column elementor-col-100 elementor-top-column elementor-element elementor-element-82a9b3f\" data-id=\"82a9b3f\" data-element_type=\"column\">\n\t\t\t<div class=\"elementor-widget-wrap elementor-element-populated\">\n\t\t\t\t\t\t<div class=\"elementor-element elementor-element-5949e6d elementor-widget elementor-widget-heading\" data-id=\"5949e6d\" data-element_type=\"widget\" data-widget_type=\"heading.default\">\n\t\t\t\t<div class=\"elementor-widget-container\">\n\t\t\t\t\t<span class=\"elementor-heading-title elementor-size-default\">Step by Step<\/span>\t\t\t\t<\/div>\n\t\t\t\t<\/div>\n\t\t\t\t<section class=\"elementor-section elementor-inner-section elementor-element elementor-element-cb211e9 elementor-section-boxed elementor-section-height-default elementor-section-height-default\" data-id=\"cb211e9\" data-element_type=\"section\">\n\t\t\t\t\t\t<div class=\"elementor-container elementor-column-gap-no\">\n\t\t\t\t\t<div class=\"elementor-column elementor-col-50 elementor-inner-column elementor-element elementor-element-9797a9c\" data-id=\"9797a9c\" data-element_type=\"column\">\n\t\t\t<div class=\"elementor-widget-wrap elementor-element-populated\">\n\t\t\t\t\t\t<div class=\"elementor-element elementor-element-1a880a7 elementor-widget elementor-widget-heading\" data-id=\"1a880a7\" data-element_type=\"widget\" data-widget_type=\"heading.default\">\n\t\t\t\t<div class=\"elementor-widget-container\">\n\t\t\t\t\t<h2 class=\"elementor-heading-title elementor-size-default\">Step by Step<\/h2>\t\t\t\t<\/div>\n\t\t\t\t<\/div>\n\t\t\t\t<div class=\"elementor-element elementor-element-6ce3b3f elementor-widget elementor-widget-text-editor\" data-id=\"6ce3b3f\" data-element_type=\"widget\" data-widget_type=\"text-editor.default\">\n\t\t\t\t<div class=\"elementor-widget-container\">\n\t\t\t\t\t\t\t\t\t<p>Step by Step ist eine App die Leuten dabei helfen soll sich in einer Stadt zurrecht zu finden nachdem sie dorthin gezogen sind. Die App bietet ein Netzwerk aus weiteren Nutzern, Gesch\u00e4ften, Guides, \u00f6ffentlichen Verkehrsmitteln, Wissenswertes \u00fcber die Stadt und Sehensw\u00fcrdigkeiten.<\/p><p>\u00a0<\/p><p>Das Projekt umfasst UX research, UX experience, brainstorming, surveys, personas, layout, wireframe und erste prototypen.\u00a0<\/p>\t\t\t\t\t\t\t\t<\/div>\n\t\t\t\t<\/div>\n\t\t\t\t\t<\/div>\n\t\t<\/div>\n\t\t\t\t<div class=\"elementor-column elementor-col-50 elementor-inner-column elementor-element elementor-element-01cede8\" data-id=\"01cede8\" data-element_type=\"column\">\n\t\t\t<div class=\"elementor-widget-wrap elementor-element-populated\">\n\t\t\t\t\t\t<div class=\"elementor-element elementor-element-00d2c52 elementor-widget elementor-widget-image\" data-id=\"00d2c52\" data-element_type=\"widget\" data-widget_type=\"image.default\">\n\t\t\t\t<div class=\"elementor-widget-container\">\n\t\t\t\t\t\t\t\t\t\t\t\t\t\t\t<img fetchpriority=\"high\" decoding=\"async\" width=\"800\" height=\"629\" src=\"https:\/\/kiu-design.de\/wp-content\/uploads\/2022\/06\/Lookout2.jpg\" class=\"attachment-large size-large wp-image-2011\" alt=\"\" srcset=\"https:\/\/kiu-design.de\/wp-content\/uploads\/2022\/06\/Lookout2.jpg 800w, https:\/\/kiu-design.de\/wp-content\/uploads\/2022\/06\/Lookout2-300x236.jpg 300w, https:\/\/kiu-design.de\/wp-content\/uploads\/2022\/06\/Lookout2-768x604.jpg 768w\" sizes=\"(max-width: 800px) 100vw, 800px\" \/>\t\t\t\t\t\t\t\t\t\t\t\t\t\t\t<\/div>\n\t\t\t\t<\/div>\n\t\t\t\t\t<\/div>\n\t\t<\/div>\n\t\t\t\t\t<\/div>\n\t\t<\/section>\n\t\t\t\t\t<\/div>\n\t\t<\/div>\n\t\t\t\t\t<\/div>\n\t\t<\/section>\n\t\t\t\t<section class=\"elementor-section elementor-top-section elementor-element elementor-element-8887630 elementor-section-boxed elementor-section-height-default elementor-section-height-default\" data-id=\"8887630\" data-element_type=\"section\" data-settings=\"{&quot;background_background&quot;:&quot;classic&quot;}\">\n\t\t\t\t\t\t\t<div class=\"elementor-background-overlay\"><\/div>\n\t\t\t\t\t\t\t<div class=\"elementor-container elementor-column-gap-default\">\n\t\t\t\t\t<div class=\"elementor-column elementor-col-100 elementor-top-column elementor-element elementor-element-d0b61cb\" data-id=\"d0b61cb\" data-element_type=\"column\" data-settings=\"{&quot;background_background&quot;:&quot;classic&quot;}\">\n\t\t\t<div class=\"elementor-widget-wrap elementor-element-populated\">\n\t\t\t\t\t\t<section class=\"elementor-section elementor-inner-section elementor-element elementor-element-c87d975 elementor-section-boxed elementor-section-height-default elementor-section-height-default\" data-id=\"c87d975\" data-element_type=\"section\">\n\t\t\t\t\t\t<div class=\"elementor-container elementor-column-gap-default\">\n\t\t\t\t\t<div class=\"elementor-column elementor-col-50 elementor-inner-column elementor-element elementor-element-5639016\" data-id=\"5639016\" data-element_type=\"column\">\n\t\t\t<div class=\"elementor-widget-wrap elementor-element-populated\">\n\t\t\t\t\t\t<div class=\"elementor-element elementor-element-9e60e63 elementor-widget elementor-widget-image\" data-id=\"9e60e63\" data-element_type=\"widget\" data-widget_type=\"image.default\">\n\t\t\t\t<div class=\"elementor-widget-container\">\n\t\t\t\t\t\t\t\t\t\t\t\t\t\t\t<img decoding=\"async\" width=\"491\" height=\"439\" src=\"https:\/\/kiu-design.de\/wp-content\/uploads\/2022\/06\/First-1.png\" class=\"attachment-large size-large wp-image-1989\" alt=\"\" srcset=\"https:\/\/kiu-design.de\/wp-content\/uploads\/2022\/06\/First-1.png 491w, https:\/\/kiu-design.de\/wp-content\/uploads\/2022\/06\/First-1-300x268.png 300w\" sizes=\"(max-width: 491px) 100vw, 491px\" \/>\t\t\t\t\t\t\t\t\t\t\t\t\t\t\t<\/div>\n\t\t\t\t<\/div>\n\t\t\t\t\t<\/div>\n\t\t<\/div>\n\t\t\t\t<div class=\"elementor-column elementor-col-50 elementor-inner-column elementor-element elementor-element-d200119\" data-id=\"d200119\" data-element_type=\"column\">\n\t\t\t<div class=\"elementor-widget-wrap elementor-element-populated\">\n\t\t\t\t\t\t<div class=\"elementor-element elementor-element-cd9ea3a elementor-widget elementor-widget-heading\" data-id=\"cd9ea3a\" data-element_type=\"widget\" data-widget_type=\"heading.default\">\n\t\t\t\t<div class=\"elementor-widget-container\">\n\t\t\t\t\t<h2 class=\"elementor-heading-title elementor-size-default\">Concept<\/h2>\t\t\t\t<\/div>\n\t\t\t\t<\/div>\n\t\t\t\t<div class=\"elementor-element elementor-element-d4ad4ca elementor-widget-divider--view-line elementor-widget elementor-widget-divider\" data-id=\"d4ad4ca\" data-element_type=\"widget\" data-widget_type=\"divider.default\">\n\t\t\t\t<div class=\"elementor-widget-container\">\n\t\t\t\t\t\t\t<div class=\"elementor-divider\">\n\t\t\t<span class=\"elementor-divider-separator\">\n\t\t\t\t\t\t<\/span>\n\t\t<\/div>\n\t\t\t\t\t\t<\/div>\n\t\t\t\t<\/div>\n\t\t\t\t<div class=\"elementor-element elementor-element-e8697ad elementor-widget elementor-widget-text-editor\" data-id=\"e8697ad\" data-element_type=\"widget\" data-widget_type=\"text-editor.default\">\n\t\t\t\t<div class=\"elementor-widget-container\">\n\t\t\t\t\t\t\t\t\t<p>Eine unbekannte Stadt zu erkunden kann aufregend und spannend sein, ebenso \u00fcberw\u00e4ltigend und ein bisschen stressig. Insbesondere wenn man noch eine dringende Besorgung machen muss weil man gerade umgezogen ist. Auch Menschen, die aufgrund von Kriegen und Katastrophen ihre Heimat verloren haben, stehen oft vor dem Problem sich in einer v\u00f6llig fremden Umgebung orientieren zu m\u00fcssen. Zus\u00e4tzlich kommen b\u00fcrokratisce H\u00fcrden und soziale Herausforderungen auf die Menschen zu und die Hilfsangebote sind nicht immer sofort ersichtlich oder findbar. Wer sind die Leute, die in eine neue Stadt ziehen und wie kann man ihnen helfen?<\/p>\t\t\t\t\t\t\t\t<\/div>\n\t\t\t\t<\/div>\n\t\t\t\t<div class=\"elementor-element elementor-element-54ad33c elementor-align-center elementor-widget elementor-widget-button\" data-id=\"54ad33c\" data-element_type=\"widget\" data-widget_type=\"button.default\">\n\t\t\t\t<div class=\"elementor-widget-container\">\n\t\t\t\t\t\t\t\t\t<div class=\"elementor-button-wrapper\">\n\t\t\t\t\t<a class=\"elementor-button elementor-button-link elementor-size-sm\" href=\"https:\/\/kiu-design.de\/en\/uiux\/stepbystep\/\">\n\t\t\t\t\t\t<span class=\"elementor-button-content-wrapper\">\n\t\t\t\t\t\t<span class=\"elementor-button-icon\">\n\t\t\t\t<i aria-hidden=\"true\" class=\"fas fa-angle-right\"><\/i>\t\t\t<\/span>\n\t\t\t\t\t\t\t\t\t<span class=\"elementor-button-text\">Tell me more!<\/span>\n\t\t\t\t\t<\/span>\n\t\t\t\t\t<\/a>\n\t\t\t\t<\/div>\n\t\t\t\t\t\t\t\t<\/div>\n\t\t\t\t<\/div>\n\t\t\t\t\t<\/div>\n\t\t<\/div>\n\t\t\t\t\t<\/div>\n\t\t<\/section>\n\t\t\t\t\t<\/div>\n\t\t<\/div>\n\t\t\t\t\t<\/div>\n\t\t<\/section>\n\t\t\t\t<section class=\"elementor-section elementor-top-section elementor-element elementor-element-bbc927c elementor-section-boxed elementor-section-height-default elementor-section-height-default\" data-id=\"bbc927c\" data-element_type=\"section\">\n\t\t\t\t\t\t<div class=\"elementor-container elementor-column-gap-no\">\n\t\t\t\t\t<div class=\"elementor-column elementor-col-100 elementor-top-column elementor-element elementor-element-d54a383\" data-id=\"d54a383\" data-element_type=\"column\">\n\t\t\t<div class=\"elementor-widget-wrap elementor-element-populated\">\n\t\t\t\t\t\t<div class=\"elementor-element elementor-element-ea21970 elementor-widget elementor-widget-heading\" data-id=\"ea21970\" data-element_type=\"widget\" data-widget_type=\"heading.default\">\n\t\t\t\t<div class=\"elementor-widget-container\">\n\t\t\t\t\t<span class=\"elementor-heading-title elementor-size-default\">Art Buddy<\/span>\t\t\t\t<\/div>\n\t\t\t\t<\/div>\n\t\t\t\t<section class=\"elementor-section elementor-inner-section elementor-element elementor-element-9d20e54 elementor-section-boxed elementor-section-height-default elementor-section-height-default\" data-id=\"9d20e54\" data-element_type=\"section\">\n\t\t\t\t\t\t<div class=\"elementor-container elementor-column-gap-no\">\n\t\t\t\t\t<div class=\"elementor-column elementor-col-50 elementor-inner-column elementor-element elementor-element-ab08c5b\" data-id=\"ab08c5b\" data-element_type=\"column\">\n\t\t\t<div class=\"elementor-widget-wrap elementor-element-populated\">\n\t\t\t\t\t\t<div class=\"elementor-element elementor-element-10744a4 elementor-widget elementor-widget-heading\" data-id=\"10744a4\" data-element_type=\"widget\" data-widget_type=\"heading.default\">\n\t\t\t\t<div class=\"elementor-widget-container\">\n\t\t\t\t\t<h2 class=\"elementor-heading-title elementor-size-default\">Art Buddy<\/h2>\t\t\t\t<\/div>\n\t\t\t\t<\/div>\n\t\t\t\t<div class=\"elementor-element elementor-element-0d46356 elementor-widget elementor-widget-text-editor\" data-id=\"0d46356\" data-element_type=\"widget\" data-widget_type=\"text-editor.default\">\n\t\t\t\t<div class=\"elementor-widget-container\">\n\t\t\t\t\t\t\t\t\t<p>Materialien zum zeichnen, entwefern und malen sind teuer, insbesondere wenn es an hochpigmentierte Farben, Fineliner oder spezielle Malgr\u00fcnde geht die f\u00fcr die Mal- und Zeichentechniken entworfen wurden. Deswegen ist es nicht selten, dass K\u00fcnstler und Designer ihre Materialien tauschen oder zum Verkauf anbieten, wenn sie diese aus verschiedenen Gr\u00fcnden nicht mehr ben\u00f6tigen. Auch wenn Ebay eine gute M\u00f6glichkeit ist, die Sachen wieder los zu bekommen, ziehen es viele K\u00fcnstler vor, ihre lieb gewonnenen Materialien an Menschen abzugeben, die ihnen zumindest bekannt sind. Deswegen habe ich &#8218;Art Buddy&#8216; entworfen und mache daraus ein UX Projekt welches im sp\u00e4teren Verlauf in zwei High-Fidelity Prototypen m\u00fcnden soll, jeweils in Adobe XD und in Figma erstellt.\u00a0<\/p><p>\u00a0<\/p>\t\t\t\t\t\t\t\t<\/div>\n\t\t\t\t<\/div>\n\t\t\t\t<div class=\"elementor-element elementor-element-4c4ef7d elementor-align-center elementor-widget elementor-widget-button\" data-id=\"4c4ef7d\" data-element_type=\"widget\" data-widget_type=\"button.default\">\n\t\t\t\t<div class=\"elementor-widget-container\">\n\t\t\t\t\t\t\t\t\t<div class=\"elementor-button-wrapper\">\n\t\t\t\t\t<a class=\"elementor-button elementor-button-link elementor-size-sm\" href=\"https:\/\/kiu-design.de\/en\/uiux\/artbuddy\/\">\n\t\t\t\t\t\t<span class=\"elementor-button-content-wrapper\">\n\t\t\t\t\t\t<span class=\"elementor-button-icon\">\n\t\t\t\t<i aria-hidden=\"true\" class=\"fas fa-angle-right\"><\/i>\t\t\t<\/span>\n\t\t\t\t\t\t\t\t\t<span class=\"elementor-button-text\">Tell me more!<\/span>\n\t\t\t\t\t<\/span>\n\t\t\t\t\t<\/a>\n\t\t\t\t<\/div>\n\t\t\t\t\t\t\t\t<\/div>\n\t\t\t\t<\/div>\n\t\t\t\t\t<\/div>\n\t\t<\/div>\n\t\t\t\t<div class=\"elementor-column elementor-col-50 elementor-inner-column elementor-element elementor-element-940ccf1\" data-id=\"940ccf1\" data-element_type=\"column\">\n\t\t\t<div class=\"elementor-widget-wrap elementor-element-populated\">\n\t\t\t\t\t\t<div class=\"elementor-element elementor-element-1863490 elementor-widget elementor-widget-image\" data-id=\"1863490\" data-element_type=\"widget\" data-widget_type=\"image.default\">\n\t\t\t\t<div class=\"elementor-widget-container\">\n\t\t\t\t\t\t\t\t\t\t\t\t\t\t\t<img decoding=\"async\" width=\"1024\" height=\"1000\" src=\"https:\/\/kiu-design.de\/wp-content\/uploads\/2022\/08\/AB_03-1024x1000.png\" class=\"attachment-large size-large wp-image-2403\" alt=\"\" srcset=\"https:\/\/kiu-design.de\/wp-content\/uploads\/2022\/08\/AB_03-1024x1000.png 1024w, https:\/\/kiu-design.de\/wp-content\/uploads\/2022\/08\/AB_03-300x293.png 300w, https:\/\/kiu-design.de\/wp-content\/uploads\/2022\/08\/AB_03-768x750.png 768w, https:\/\/kiu-design.de\/wp-content\/uploads\/2022\/08\/AB_03.png 1271w\" sizes=\"(max-width: 1024px) 100vw, 1024px\" \/>\t\t\t\t\t\t\t\t\t\t\t\t\t\t\t<\/div>\n\t\t\t\t<\/div>\n\t\t\t\t\t<\/div>\n\t\t<\/div>\n\t\t\t\t\t<\/div>\n\t\t<\/section>\n\t\t\t\t\t<\/div>\n\t\t<\/div>\n\t\t\t\t\t<\/div>\n\t\t<\/section>\n\t\t\t\t<\/div>","protected":false},"excerpt":{"rendered":"<p>Kommunikation und Verstehen UX Design Interface | Experience Step by Step Step by Step Step by Step ist eine App die Leuten dabei helfen soll sich in einer Stadt zurrecht zu finden nachdem sie dorthin gezogen sind. Die App bietet ein Netzwerk aus weiteren Nutzern, Gesch\u00e4ften, Guides, \u00f6ffentlichen Verkehrsmitteln, Wissenswertes \u00fcber die Stadt und Sehensw\u00fcrdigkeiten. [&hellip;]<\/p>","protected":false},"author":1,"featured_media":0,"parent":0,"menu_order":0,"comment_status":"closed","ping_status":"closed","template":"","meta":{"_monsterinsights_skip_tracking":false,"_monsterinsights_sitenote_active":false,"_monsterinsights_sitenote_note":"","_monsterinsights_sitenote_category":0,"site-sidebar-layout":"no-sidebar","site-content-layout":"page-builder","ast-site-content-layout":"default","site-content-style":"default","site-sidebar-style":"default","ast-global-header-display":"","ast-banner-title-visibility":"","ast-main-header-display":"","ast-hfb-above-header-display":"","ast-hfb-below-header-display":"","ast-hfb-mobile-header-display":"","site-post-title":"disabled","ast-breadcrumbs-content":"","ast-featured-img":"disabled","footer-sml-layout":"","theme-transparent-header-meta":"enabled","adv-header-id-meta":"","stick-header-meta":"","header-above-stick-meta":"","header-main-stick-meta":"","header-below-stick-meta":"","astra-migrate-meta-layouts":"default","ast-page-background-enabled":"default","ast-page-background-meta":{"desktop":{"background-color":"","background-image":"","background-repeat":"repeat","background-position":"center center","background-size":"auto","background-attachment":"scroll","background-type":"","background-media":"","overlay-type":"","overlay-color":"","overlay-opacity":"","overlay-gradient":""},"tablet":{"background-color":"","background-image":"","background-repeat":"repeat","background-position":"center center","background-size":"auto","background-attachment":"scroll","background-type":"","background-media":"","overlay-type":"","overlay-color":"","overlay-opacity":"","overlay-gradient":""},"mobile":{"background-color":"","background-image":"","background-repeat":"repeat","background-position":"center center","background-size":"auto","background-attachment":"scroll","background-type":"","background-media":"","overlay-type":"","overlay-color":"","overlay-opacity":"","overlay-gradient":""}},"ast-content-background-meta":{"desktop":{"background-color":"var(--ast-global-color-5)","background-image":"","background-repeat":"repeat","background-position":"center center","background-size":"auto","background-attachment":"scroll","background-type":"","background-media":"","overlay-type":"","overlay-color":"","overlay-opacity":"","overlay-gradient":""},"tablet":{"background-color":"var(--ast-global-color-5)","background-image":"","background-repeat":"repeat","background-position":"center center","background-size":"auto","background-attachment":"scroll","background-type":"","background-media":"","overlay-type":"","overlay-color":"","overlay-opacity":"","overlay-gradient":""},"mobile":{"background-color":"var(--ast-global-color-5)","background-image":"","background-repeat":"repeat","background-position":"center center","background-size":"auto","background-attachment":"scroll","background-type":"","background-media":"","overlay-type":"","overlay-color":"","overlay-opacity":"","overlay-gradient":""}},"footnotes":""},"class_list":["post-1558","page","type-page","status-publish","hentry"],"aioseo_notices":[],"jetpack_sharing_enabled":true,"_links":{"self":[{"href":"http:\/\/kiu-design.de\/en\/wp-json\/wp\/v2\/pages\/1558","targetHints":{"allow":["GET"]}}],"collection":[{"href":"http:\/\/kiu-design.de\/en\/wp-json\/wp\/v2\/pages"}],"about":[{"href":"http:\/\/kiu-design.de\/en\/wp-json\/wp\/v2\/types\/page"}],"author":[{"embeddable":true,"href":"http:\/\/kiu-design.de\/en\/wp-json\/wp\/v2\/users\/1"}],"replies":[{"embeddable":true,"href":"http:\/\/kiu-design.de\/en\/wp-json\/wp\/v2\/comments?post=1558"}],"version-history":[{"count":10,"href":"http:\/\/kiu-design.de\/en\/wp-json\/wp\/v2\/pages\/1558\/revisions"}],"predecessor-version":[{"id":2583,"href":"http:\/\/kiu-design.de\/en\/wp-json\/wp\/v2\/pages\/1558\/revisions\/2583"}],"wp:attachment":[{"href":"http:\/\/kiu-design.de\/en\/wp-json\/wp\/v2\/media?parent=1558"}],"curies":[{"name":"wp","href":"https:\/\/api.w.org\/{rel}","templated":true}]}}