{"id":1180,"date":"2018-10-04T06:18:10","date_gmt":"2018-10-04T04:18:10","guid":{"rendered":"http:\/\/kiu-design.de\/about\/"},"modified":"2023-06-26T00:29:04","modified_gmt":"2023-06-25T22:29:04","slug":"medien","status":"publish","type":"page","link":"http:\/\/kiu-design.de\/en\/medien\/","title":{"rendered":"Graphic Design"},"content":{"rendered":"<div data-elementor-type=\"wp-post\" data-elementor-id=\"1180\" class=\"elementor elementor-1180\">\n\t\t\t\t\t\t<section class=\"elementor-section elementor-top-section elementor-element elementor-element-7d439393 elementor-section-boxed elementor-section-height-default elementor-section-height-default\" data-id=\"7d439393\" data-element_type=\"section\" data-settings=\"{&quot;background_background&quot;:&quot;classic&quot;}\">\n\t\t\t\t\t\t\t<div class=\"elementor-background-overlay\"><\/div>\n\t\t\t\t\t\t\t<div class=\"elementor-container elementor-column-gap-no\">\n\t\t\t\t\t<div class=\"elementor-column elementor-col-100 elementor-top-column elementor-element elementor-element-3474ac6a\" data-id=\"3474ac6a\" data-element_type=\"column\">\n\t\t\t<div class=\"elementor-widget-wrap elementor-element-populated\">\n\t\t\t\t\t\t<div class=\"elementor-element elementor-element-6b06d837 elementor-widget elementor-widget-heading\" data-id=\"6b06d837\" data-element_type=\"widget\" data-widget_type=\"heading.default\">\n\t\t\t\t<div class=\"elementor-widget-container\">\n\t\t\t\t\t<h6 class=\"elementor-heading-title elementor-size-default\">Layout und Branding<\/h6>\t\t\t\t<\/div>\n\t\t\t\t<\/div>\n\t\t\t\t<div class=\"elementor-element elementor-element-7b415e3 elementor-widget elementor-widget-heading\" data-id=\"7b415e3\" data-element_type=\"widget\" data-widget_type=\"heading.default\">\n\t\t\t\t<div class=\"elementor-widget-container\">\n\t\t\t\t\t<h1 class=\"elementor-heading-title elementor-size-default\">Graphic Design<\/h1>\t\t\t\t<\/div>\n\t\t\t\t<\/div>\n\t\t\t\t<div class=\"elementor-element elementor-element-62c7badd elementor-widget elementor-widget-heading\" data-id=\"62c7badd\" data-element_type=\"widget\" data-widget_type=\"heading.default\">\n\t\t\t\t<div class=\"elementor-widget-container\">\n\t\t\t\t\t<h3 class=\"elementor-heading-title elementor-size-default\">Digital | Print<\/h3>\t\t\t\t<\/div>\n\t\t\t\t<\/div>\n\t\t\t\t<div class=\"elementor-element elementor-element-6add383c elementor-widget-divider--view-line elementor-widget elementor-widget-divider\" data-id=\"6add383c\" data-element_type=\"widget\" data-widget_type=\"divider.default\">\n\t\t\t\t<div class=\"elementor-widget-container\">\n\t\t\t\t\t\t\t<div class=\"elementor-divider\">\n\t\t\t<span class=\"elementor-divider-separator\">\n\t\t\t\t\t\t<\/span>\n\t\t<\/div>\n\t\t\t\t\t\t<\/div>\n\t\t\t\t<\/div>\n\t\t\t\t\t<\/div>\n\t\t<\/div>\n\t\t\t\t\t<\/div>\n\t\t<\/section>\n\t\t\t\t<section class=\"elementor-section elementor-top-section elementor-element elementor-element-cad799a elementor-section-boxed elementor-section-height-default elementor-section-height-default\" data-id=\"cad799a\" data-element_type=\"section\">\n\t\t\t\t\t\t<div class=\"elementor-container elementor-column-gap-no\">\n\t\t\t\t\t<div class=\"elementor-column elementor-col-100 elementor-top-column elementor-element elementor-element-6dc0028\" data-id=\"6dc0028\" data-element_type=\"column\">\n\t\t\t<div class=\"elementor-widget-wrap elementor-element-populated\">\n\t\t\t\t\t\t<div class=\"elementor-element elementor-element-ff4006b elementor-widget elementor-widget-heading\" data-id=\"ff4006b\" data-element_type=\"widget\" data-widget_type=\"heading.default\">\n\t\t\t\t<div class=\"elementor-widget-container\">\n\t\t\t\t\t<span class=\"elementor-heading-title elementor-size-default\">sinister spirit<\/span>\t\t\t\t<\/div>\n\t\t\t\t<\/div>\n\t\t\t\t<section class=\"elementor-section elementor-inner-section elementor-element elementor-element-2f84377 elementor-section-boxed elementor-section-height-default elementor-section-height-default\" data-id=\"2f84377\" data-element_type=\"section\">\n\t\t\t\t\t\t<div class=\"elementor-container elementor-column-gap-no\">\n\t\t\t\t\t<div class=\"elementor-column elementor-col-33 elementor-inner-column elementor-element elementor-element-04da83a\" data-id=\"04da83a\" data-element_type=\"column\">\n\t\t\t<div class=\"elementor-widget-wrap elementor-element-populated\">\n\t\t\t\t\t\t<div class=\"elementor-element elementor-element-3c618e2 elementor-widget elementor-widget-heading\" data-id=\"3c618e2\" data-element_type=\"widget\" data-widget_type=\"heading.default\">\n\t\t\t\t<div class=\"elementor-widget-container\">\n\t\t\t\t\t<h2 class=\"elementor-heading-title elementor-size-default\">Sinister Spirit<\/h2>\t\t\t\t<\/div>\n\t\t\t\t<\/div>\n\t\t\t\t<div class=\"elementor-element elementor-element-06e4207 elementor-widget elementor-widget-text-editor\" data-id=\"06e4207\" data-element_type=\"widget\" data-widget_type=\"text-editor.default\">\n\t\t\t\t<div class=\"elementor-widget-container\">\n\t\t\t\t\t\t\t\t\t<p>Branding f\u00fcr ein imagin\u00e4res Getr\u00e4nk. In diesem Fall &#8218;Sinister Spirit&#8216; ein auf die Gamingszene ausgelegter Energydrink. In der Entwicklung mit Inbegriffen die Logogestaltung, Farbschema, Produktgrafik, Branding und Mockups<\/p>\t\t\t\t\t\t\t\t<\/div>\n\t\t\t\t<\/div>\n\t\t\t\t\t<\/div>\n\t\t<\/div>\n\t\t\t\t<div class=\"elementor-column elementor-col-33 elementor-inner-column elementor-element elementor-element-fca9ad8\" data-id=\"fca9ad8\" data-element_type=\"column\">\n\t\t\t<div class=\"elementor-widget-wrap elementor-element-populated\">\n\t\t\t\t\t\t<div class=\"elementor-element elementor-element-ea50902 elementor-widget elementor-widget-image\" data-id=\"ea50902\" data-element_type=\"widget\" data-widget_type=\"image.default\">\n\t\t\t\t<div class=\"elementor-widget-container\">\n\t\t\t\t\t\t\t\t\t\t\t\t\t\t\t<img fetchpriority=\"high\" decoding=\"async\" width=\"800\" height=\"600\" src=\"http:\/\/kiu-design.de\/wp-content\/uploads\/2020\/12\/SinisterSpirit01.jpg\" class=\"attachment-large size-large wp-image-1456\" alt=\"\" srcset=\"http:\/\/kiu-design.de\/wp-content\/uploads\/2020\/12\/SinisterSpirit01.jpg 800w, http:\/\/kiu-design.de\/wp-content\/uploads\/2020\/12\/SinisterSpirit01-300x225.jpg 300w, http:\/\/kiu-design.de\/wp-content\/uploads\/2020\/12\/SinisterSpirit01-768x576.jpg 768w\" sizes=\"(max-width: 800px) 100vw, 800px\" \/>\t\t\t\t\t\t\t\t\t\t\t\t\t\t\t<\/div>\n\t\t\t\t<\/div>\n\t\t\t\t\t<\/div>\n\t\t<\/div>\n\t\t\t\t<div class=\"elementor-column elementor-col-33 elementor-inner-column elementor-element elementor-element-0602e02\" data-id=\"0602e02\" data-element_type=\"column\">\n\t\t\t<div class=\"elementor-widget-wrap elementor-element-populated\">\n\t\t\t\t\t\t<div class=\"elementor-element elementor-element-d278667 elementor-widget elementor-widget-image\" data-id=\"d278667\" data-element_type=\"widget\" data-widget_type=\"image.default\">\n\t\t\t\t<div class=\"elementor-widget-container\">\n\t\t\t\t\t\t\t\t\t\t\t\t\t\t\t<img decoding=\"async\" width=\"800\" height=\"600\" src=\"http:\/\/kiu-design.de\/wp-content\/uploads\/2020\/12\/SinisterSpirit02.jpg\" class=\"attachment-large size-large wp-image-1457\" alt=\"\" srcset=\"http:\/\/kiu-design.de\/wp-content\/uploads\/2020\/12\/SinisterSpirit02.jpg 800w, http:\/\/kiu-design.de\/wp-content\/uploads\/2020\/12\/SinisterSpirit02-300x225.jpg 300w, http:\/\/kiu-design.de\/wp-content\/uploads\/2020\/12\/SinisterSpirit02-768x576.jpg 768w\" sizes=\"(max-width: 800px) 100vw, 800px\" \/>\t\t\t\t\t\t\t\t\t\t\t\t\t\t\t<\/div>\n\t\t\t\t<\/div>\n\t\t\t\t\t<\/div>\n\t\t<\/div>\n\t\t\t\t\t<\/div>\n\t\t<\/section>\n\t\t\t\t<section class=\"elementor-section elementor-inner-section elementor-element elementor-element-5fb1c31 elementor-section-boxed elementor-section-height-default elementor-section-height-default\" data-id=\"5fb1c31\" data-element_type=\"section\">\n\t\t\t\t\t\t<div class=\"elementor-container elementor-column-gap-no\">\n\t\t\t\t\t<div class=\"elementor-column elementor-col-33 elementor-inner-column elementor-element elementor-element-e058f2d\" data-id=\"e058f2d\" data-element_type=\"column\">\n\t\t\t<div class=\"elementor-widget-wrap elementor-element-populated\">\n\t\t\t\t\t\t<div class=\"elementor-element elementor-element-90e9ce5 elementor-widget elementor-widget-image\" data-id=\"90e9ce5\" data-element_type=\"widget\" data-widget_type=\"image.default\">\n\t\t\t\t<div class=\"elementor-widget-container\">\n\t\t\t\t\t\t\t\t\t\t\t\t\t\t\t<img decoding=\"async\" width=\"800\" height=\"600\" src=\"http:\/\/kiu-design.de\/wp-content\/uploads\/2020\/12\/SinisterSpirit04.jpg\" class=\"attachment-large size-large wp-image-1459\" alt=\"\" srcset=\"http:\/\/kiu-design.de\/wp-content\/uploads\/2020\/12\/SinisterSpirit04.jpg 800w, http:\/\/kiu-design.de\/wp-content\/uploads\/2020\/12\/SinisterSpirit04-300x225.jpg 300w, http:\/\/kiu-design.de\/wp-content\/uploads\/2020\/12\/SinisterSpirit04-768x576.jpg 768w\" sizes=\"(max-width: 800px) 100vw, 800px\" \/>\t\t\t\t\t\t\t\t\t\t\t\t\t\t\t<\/div>\n\t\t\t\t<\/div>\n\t\t\t\t\t<\/div>\n\t\t<\/div>\n\t\t\t\t<div class=\"elementor-column elementor-col-33 elementor-inner-column elementor-element elementor-element-5405b24\" data-id=\"5405b24\" data-element_type=\"column\">\n\t\t\t<div class=\"elementor-widget-wrap elementor-element-populated\">\n\t\t\t\t\t\t<div class=\"elementor-element elementor-element-21f5e3c elementor-widget elementor-widget-image\" data-id=\"21f5e3c\" data-element_type=\"widget\" data-widget_type=\"image.default\">\n\t\t\t\t<div class=\"elementor-widget-container\">\n\t\t\t\t\t\t\t\t\t\t\t\t\t\t\t<img loading=\"lazy\" decoding=\"async\" width=\"800\" height=\"600\" src=\"http:\/\/kiu-design.de\/wp-content\/uploads\/2020\/12\/SinisterSpirit03.jpg\" class=\"attachment-large size-large wp-image-1458\" alt=\"\" srcset=\"http:\/\/kiu-design.de\/wp-content\/uploads\/2020\/12\/SinisterSpirit03.jpg 800w, http:\/\/kiu-design.de\/wp-content\/uploads\/2020\/12\/SinisterSpirit03-300x225.jpg 300w, http:\/\/kiu-design.de\/wp-content\/uploads\/2020\/12\/SinisterSpirit03-768x576.jpg 768w\" sizes=\"(max-width: 800px) 100vw, 800px\" \/>\t\t\t\t\t\t\t\t\t\t\t\t\t\t\t<\/div>\n\t\t\t\t<\/div>\n\t\t\t\t\t<\/div>\n\t\t<\/div>\n\t\t\t\t<div class=\"elementor-column elementor-col-33 elementor-inner-column elementor-element elementor-element-15c340c\" data-id=\"15c340c\" data-element_type=\"column\">\n\t\t\t<div class=\"elementor-widget-wrap elementor-element-populated\">\n\t\t\t\t\t\t<div class=\"elementor-element elementor-element-3ba2021 elementor-widget elementor-widget-image\" data-id=\"3ba2021\" data-element_type=\"widget\" data-widget_type=\"image.default\">\n\t\t\t\t<div class=\"elementor-widget-container\">\n\t\t\t\t\t\t\t\t\t\t\t\t\t\t\t<img loading=\"lazy\" decoding=\"async\" width=\"800\" height=\"600\" src=\"http:\/\/kiu-design.de\/wp-content\/uploads\/2020\/12\/SinisterSpirit05.jpg\" class=\"attachment-large size-large wp-image-1460\" alt=\"\" srcset=\"http:\/\/kiu-design.de\/wp-content\/uploads\/2020\/12\/SinisterSpirit05.jpg 800w, http:\/\/kiu-design.de\/wp-content\/uploads\/2020\/12\/SinisterSpirit05-300x225.jpg 300w, http:\/\/kiu-design.de\/wp-content\/uploads\/2020\/12\/SinisterSpirit05-768x576.jpg 768w\" sizes=\"(max-width: 800px) 100vw, 800px\" \/>\t\t\t\t\t\t\t\t\t\t\t\t\t\t\t<\/div>\n\t\t\t\t<\/div>\n\t\t\t\t\t<\/div>\n\t\t<\/div>\n\t\t\t\t\t<\/div>\n\t\t<\/section>\n\t\t\t\t\t<\/div>\n\t\t<\/div>\n\t\t\t\t\t<\/div>\n\t\t<\/section>\n\t\t\t\t<section class=\"elementor-section elementor-top-section elementor-element elementor-element-5093e5b elementor-section-boxed elementor-section-height-default elementor-section-height-default\" data-id=\"5093e5b\" data-element_type=\"section\">\n\t\t\t\t\t\t<div class=\"elementor-container elementor-column-gap-default\">\n\t\t\t\t\t<div class=\"elementor-column elementor-col-100 elementor-top-column elementor-element elementor-element-2a9e26f\" data-id=\"2a9e26f\" data-element_type=\"column\">\n\t\t\t<div class=\"elementor-widget-wrap elementor-element-populated\">\n\t\t\t\t\t\t<div class=\"elementor-element elementor-element-d177e02 elementor-widget-divider--view-line elementor-widget elementor-widget-divider\" data-id=\"d177e02\" data-element_type=\"widget\" data-widget_type=\"divider.default\">\n\t\t\t\t<div class=\"elementor-widget-container\">\n\t\t\t\t\t\t\t<div class=\"elementor-divider\">\n\t\t\t<span class=\"elementor-divider-separator\">\n\t\t\t\t\t\t<\/span>\n\t\t<\/div>\n\t\t\t\t\t\t<\/div>\n\t\t\t\t<\/div>\n\t\t\t\t\t<\/div>\n\t\t<\/div>\n\t\t\t\t\t<\/div>\n\t\t<\/section>\n\t\t\t\t<section class=\"elementor-section elementor-top-section elementor-element elementor-element-f185629 elementor-section-boxed elementor-section-height-default elementor-section-height-default\" data-id=\"f185629\" data-element_type=\"section\">\n\t\t\t\t\t\t<div class=\"elementor-container elementor-column-gap-no\">\n\t\t\t\t\t<div class=\"elementor-column elementor-col-100 elementor-top-column elementor-element elementor-element-66ef4dc\" data-id=\"66ef4dc\" data-element_type=\"column\">\n\t\t\t<div class=\"elementor-widget-wrap elementor-element-populated\">\n\t\t\t\t\t\t<div class=\"elementor-element elementor-element-5e5966b elementor-widget elementor-widget-heading\" data-id=\"5e5966b\" data-element_type=\"widget\" data-widget_type=\"heading.default\">\n\t\t\t\t<div class=\"elementor-widget-container\">\n\t\t\t\t\t<span class=\"elementor-heading-title elementor-size-default\">le Bampf<\/span>\t\t\t\t<\/div>\n\t\t\t\t<\/div>\n\t\t\t\t<section class=\"elementor-section elementor-inner-section elementor-element elementor-element-50e2dd6 elementor-section-boxed elementor-section-height-default elementor-section-height-default\" data-id=\"50e2dd6\" data-element_type=\"section\">\n\t\t\t\t\t\t<div class=\"elementor-container elementor-column-gap-no\">\n\t\t\t\t\t<div class=\"elementor-column elementor-col-33 elementor-inner-column elementor-element elementor-element-db1545a\" data-id=\"db1545a\" data-element_type=\"column\">\n\t\t\t<div class=\"elementor-widget-wrap elementor-element-populated\">\n\t\t\t\t\t\t<div class=\"elementor-element elementor-element-9beaae2 elementor-widget elementor-widget-heading\" data-id=\"9beaae2\" data-element_type=\"widget\" data-widget_type=\"heading.default\">\n\t\t\t\t<div class=\"elementor-widget-container\">\n\t\t\t\t\t<h2 class=\"elementor-heading-title elementor-size-default\">leBampf<\/h2>\t\t\t\t<\/div>\n\t\t\t\t<\/div>\n\t\t\t\t<div class=\"elementor-element elementor-element-0fc5e09 elementor-widget elementor-widget-text-editor\" data-id=\"0fc5e09\" data-element_type=\"widget\" data-widget_type=\"text-editor.default\">\n\t\t\t\t<div class=\"elementor-widget-container\">\n\t\t\t\t\t\t\t\t\t<p>Entstanden aus der Idee, gemeinsam &#8218;Saftfasten&#8216; auszuprobieren ist &#8218;leBampf&#8216; in Zusammenarbeit mit Fr. Sattler (Link folgt) entstanden. LeBampf ist ein fiktiver Trendblog mit eigenem Saft-Caf\u00e9. Umfang des Projektes: Logo, Layout, Webauftritt<\/p>\t\t\t\t\t\t\t\t<\/div>\n\t\t\t\t<\/div>\n\t\t\t\t\t<\/div>\n\t\t<\/div>\n\t\t\t\t<div class=\"elementor-column elementor-col-33 elementor-inner-column elementor-element elementor-element-b8498a5\" data-id=\"b8498a5\" data-element_type=\"column\">\n\t\t\t<div class=\"elementor-widget-wrap elementor-element-populated\">\n\t\t\t\t\t\t<div class=\"elementor-element elementor-element-8c50ae7 elementor-widget elementor-widget-image\" data-id=\"8c50ae7\" data-element_type=\"widget\" data-widget_type=\"image.default\">\n\t\t\t\t<div class=\"elementor-widget-container\">\n\t\t\t\t\t\t\t\t\t\t\t\t\t\t\t<img loading=\"lazy\" decoding=\"async\" width=\"800\" height=\"600\" src=\"http:\/\/kiu-design.de\/wp-content\/uploads\/2020\/12\/leBampf01.jpg\" class=\"attachment-large size-large wp-image-1465\" alt=\"\" srcset=\"http:\/\/kiu-design.de\/wp-content\/uploads\/2020\/12\/leBampf01.jpg 800w, http:\/\/kiu-design.de\/wp-content\/uploads\/2020\/12\/leBampf01-300x225.jpg 300w, http:\/\/kiu-design.de\/wp-content\/uploads\/2020\/12\/leBampf01-768x576.jpg 768w\" sizes=\"(max-width: 800px) 100vw, 800px\" \/>\t\t\t\t\t\t\t\t\t\t\t\t\t\t\t<\/div>\n\t\t\t\t<\/div>\n\t\t\t\t\t<\/div>\n\t\t<\/div>\n\t\t\t\t<div class=\"elementor-column elementor-col-33 elementor-inner-column elementor-element elementor-element-19013a5\" data-id=\"19013a5\" data-element_type=\"column\">\n\t\t\t<div class=\"elementor-widget-wrap elementor-element-populated\">\n\t\t\t\t\t\t<div class=\"elementor-element elementor-element-9444020 elementor-widget elementor-widget-image\" data-id=\"9444020\" data-element_type=\"widget\" data-widget_type=\"image.default\">\n\t\t\t\t<div class=\"elementor-widget-container\">\n\t\t\t\t\t\t\t\t\t\t\t\t\t\t\t<img loading=\"lazy\" decoding=\"async\" width=\"800\" height=\"600\" src=\"http:\/\/kiu-design.de\/wp-content\/uploads\/2020\/12\/leBampf02.jpg\" class=\"attachment-large size-large wp-image-1466\" alt=\"\" srcset=\"http:\/\/kiu-design.de\/wp-content\/uploads\/2020\/12\/leBampf02.jpg 800w, http:\/\/kiu-design.de\/wp-content\/uploads\/2020\/12\/leBampf02-300x225.jpg 300w, http:\/\/kiu-design.de\/wp-content\/uploads\/2020\/12\/leBampf02-768x576.jpg 768w\" sizes=\"(max-width: 800px) 100vw, 800px\" \/>\t\t\t\t\t\t\t\t\t\t\t\t\t\t\t<\/div>\n\t\t\t\t<\/div>\n\t\t\t\t\t<\/div>\n\t\t<\/div>\n\t\t\t\t\t<\/div>\n\t\t<\/section>\n\t\t\t\t<section class=\"elementor-section elementor-inner-section elementor-element elementor-element-59e791a elementor-section-boxed elementor-section-height-default elementor-section-height-default\" data-id=\"59e791a\" data-element_type=\"section\">\n\t\t\t\t\t\t<div class=\"elementor-container elementor-column-gap-no\">\n\t\t\t\t\t<div class=\"elementor-column elementor-col-33 elementor-inner-column elementor-element elementor-element-07196f9\" data-id=\"07196f9\" data-element_type=\"column\">\n\t\t\t<div class=\"elementor-widget-wrap elementor-element-populated\">\n\t\t\t\t\t\t<div class=\"elementor-element elementor-element-9290999 elementor-widget elementor-widget-image\" data-id=\"9290999\" data-element_type=\"widget\" data-widget_type=\"image.default\">\n\t\t\t\t<div class=\"elementor-widget-container\">\n\t\t\t\t\t\t\t\t\t\t\t\t\t\t\t<img loading=\"lazy\" decoding=\"async\" width=\"800\" height=\"600\" src=\"http:\/\/kiu-design.de\/wp-content\/uploads\/2020\/12\/leBampf03.jpg\" class=\"attachment-large size-large wp-image-1467\" alt=\"\" srcset=\"http:\/\/kiu-design.de\/wp-content\/uploads\/2020\/12\/leBampf03.jpg 800w, http:\/\/kiu-design.de\/wp-content\/uploads\/2020\/12\/leBampf03-300x225.jpg 300w, http:\/\/kiu-design.de\/wp-content\/uploads\/2020\/12\/leBampf03-768x576.jpg 768w\" sizes=\"(max-width: 800px) 100vw, 800px\" \/>\t\t\t\t\t\t\t\t\t\t\t\t\t\t\t<\/div>\n\t\t\t\t<\/div>\n\t\t\t\t\t<\/div>\n\t\t<\/div>\n\t\t\t\t<div class=\"elementor-column elementor-col-33 elementor-inner-column elementor-element elementor-element-d17e468\" data-id=\"d17e468\" data-element_type=\"column\">\n\t\t\t<div class=\"elementor-widget-wrap elementor-element-populated\">\n\t\t\t\t\t\t<div class=\"elementor-element elementor-element-5f35303 elementor-widget elementor-widget-image\" data-id=\"5f35303\" data-element_type=\"widget\" data-widget_type=\"image.default\">\n\t\t\t\t<div class=\"elementor-widget-container\">\n\t\t\t\t\t\t\t\t\t\t\t\t\t\t\t<img loading=\"lazy\" decoding=\"async\" width=\"800\" height=\"600\" src=\"http:\/\/kiu-design.de\/wp-content\/uploads\/2020\/12\/leBampf04.jpg\" class=\"attachment-large size-large wp-image-1468\" alt=\"\" srcset=\"http:\/\/kiu-design.de\/wp-content\/uploads\/2020\/12\/leBampf04.jpg 800w, http:\/\/kiu-design.de\/wp-content\/uploads\/2020\/12\/leBampf04-300x225.jpg 300w, http:\/\/kiu-design.de\/wp-content\/uploads\/2020\/12\/leBampf04-768x576.jpg 768w\" sizes=\"(max-width: 800px) 100vw, 800px\" \/>\t\t\t\t\t\t\t\t\t\t\t\t\t\t\t<\/div>\n\t\t\t\t<\/div>\n\t\t\t\t\t<\/div>\n\t\t<\/div>\n\t\t\t\t<div class=\"elementor-column elementor-col-33 elementor-inner-column elementor-element elementor-element-09d60ca\" data-id=\"09d60ca\" data-element_type=\"column\">\n\t\t\t<div class=\"elementor-widget-wrap elementor-element-populated\">\n\t\t\t\t\t\t<div class=\"elementor-element elementor-element-32eb5c9 elementor-widget elementor-widget-image\" data-id=\"32eb5c9\" data-element_type=\"widget\" data-widget_type=\"image.default\">\n\t\t\t\t<div class=\"elementor-widget-container\">\n\t\t\t\t\t\t\t\t\t\t\t\t\t\t\t<img loading=\"lazy\" decoding=\"async\" width=\"800\" height=\"600\" src=\"http:\/\/kiu-design.de\/wp-content\/uploads\/2020\/12\/leBampf05.jpg\" class=\"attachment-large size-large wp-image-1469\" alt=\"\" srcset=\"http:\/\/kiu-design.de\/wp-content\/uploads\/2020\/12\/leBampf05.jpg 800w, http:\/\/kiu-design.de\/wp-content\/uploads\/2020\/12\/leBampf05-300x225.jpg 300w, http:\/\/kiu-design.de\/wp-content\/uploads\/2020\/12\/leBampf05-768x576.jpg 768w\" sizes=\"(max-width: 800px) 100vw, 800px\" \/>\t\t\t\t\t\t\t\t\t\t\t\t\t\t\t<\/div>\n\t\t\t\t<\/div>\n\t\t\t\t\t<\/div>\n\t\t<\/div>\n\t\t\t\t\t<\/div>\n\t\t<\/section>\n\t\t\t\t\t<\/div>\n\t\t<\/div>\n\t\t\t\t\t<\/div>\n\t\t<\/section>\n\t\t\t\t<\/div>","protected":false},"excerpt":{"rendered":"<p>Layout und Branding Mediengestaltung Digital | Print sinister spirit Sinister Spirit Branding f\u00fcr ein imagin\u00e4res Getr\u00e4nk. In diesem Fall &#8218;Sinister Spirit&#8216; ein auf die Gamingszene ausgelegter Energydrink. In der Entwicklung mit Inbegriffen die Logogestaltung, Farbschema, Produktgrafik, Branding und Mockups le Bampf leBampf Entstanden aus der Idee, gemeinsam &#8218;Saftfasten&#8216; auszuprobieren ist &#8218;leBampf&#8216; in Zusammenarbeit mit Fr. [&hellip;]<\/p>","protected":false},"author":1,"featured_media":0,"parent":0,"menu_order":0,"comment_status":"closed","ping_status":"closed","template":"","meta":{"_monsterinsights_skip_tracking":false,"_monsterinsights_sitenote_active":false,"_monsterinsights_sitenote_note":"","_monsterinsights_sitenote_category":0,"site-sidebar-layout":"no-sidebar","site-content-layout":"page-builder","ast-site-content-layout":"default","site-content-style":"default","site-sidebar-style":"default","ast-global-header-display":"","ast-banner-title-visibility":"","ast-main-header-display":"","ast-hfb-above-header-display":"","ast-hfb-below-header-display":"","ast-hfb-mobile-header-display":"","site-post-title":"disabled","ast-breadcrumbs-content":"","ast-featured-img":"disabled","footer-sml-layout":"","theme-transparent-header-meta":"enabled","adv-header-id-meta":"","stick-header-meta":"","header-above-stick-meta":"","header-main-stick-meta":"","header-below-stick-meta":"","astra-migrate-meta-layouts":"default","ast-page-background-enabled":"default","ast-page-background-meta":{"desktop":{"background-color":"","background-image":"","background-repeat":"repeat","background-position":"center center","background-size":"auto","background-attachment":"scroll","background-type":"","background-media":"","overlay-type":"","overlay-color":"","overlay-opacity":"","overlay-gradient":""},"tablet":{"background-color":"","background-image":"","background-repeat":"repeat","background-position":"center center","background-size":"auto","background-attachment":"scroll","background-type":"","background-media":"","overlay-type":"","overlay-color":"","overlay-opacity":"","overlay-gradient":""},"mobile":{"background-color":"","background-image":"","background-repeat":"repeat","background-position":"center center","background-size":"auto","background-attachment":"scroll","background-type":"","background-media":"","overlay-type":"","overlay-color":"","overlay-opacity":"","overlay-gradient":""}},"ast-content-background-meta":{"desktop":{"background-color":"var(--ast-global-color-5)","background-image":"","background-repeat":"repeat","background-position":"center center","background-size":"auto","background-attachment":"scroll","background-type":"","background-media":"","overlay-type":"","overlay-color":"","overlay-opacity":"","overlay-gradient":""},"tablet":{"background-color":"var(--ast-global-color-5)","background-image":"","background-repeat":"repeat","background-position":"center center","background-size":"auto","background-attachment":"scroll","background-type":"","background-media":"","overlay-type":"","overlay-color":"","overlay-opacity":"","overlay-gradient":""},"mobile":{"background-color":"var(--ast-global-color-5)","background-image":"","background-repeat":"repeat","background-position":"center center","background-size":"auto","background-attachment":"scroll","background-type":"","background-media":"","overlay-type":"","overlay-color":"","overlay-opacity":"","overlay-gradient":""}},"footnotes":""},"class_list":["post-1180","page","type-page","status-publish","hentry"],"aioseo_notices":[],"jetpack_sharing_enabled":true,"_links":{"self":[{"href":"http:\/\/kiu-design.de\/en\/wp-json\/wp\/v2\/pages\/1180","targetHints":{"allow":["GET"]}}],"collection":[{"href":"http:\/\/kiu-design.de\/en\/wp-json\/wp\/v2\/pages"}],"about":[{"href":"http:\/\/kiu-design.de\/en\/wp-json\/wp\/v2\/types\/page"}],"author":[{"embeddable":true,"href":"http:\/\/kiu-design.de\/en\/wp-json\/wp\/v2\/users\/1"}],"replies":[{"embeddable":true,"href":"http:\/\/kiu-design.de\/en\/wp-json\/wp\/v2\/comments?post=1180"}],"version-history":[{"count":10,"href":"http:\/\/kiu-design.de\/en\/wp-json\/wp\/v2\/pages\/1180\/revisions"}],"predecessor-version":[{"id":2676,"href":"http:\/\/kiu-design.de\/en\/wp-json\/wp\/v2\/pages\/1180\/revisions\/2676"}],"wp:attachment":[{"href":"http:\/\/kiu-design.de\/en\/wp-json\/wp\/v2\/media?parent=1180"}],"curies":[{"name":"wp","href":"https:\/\/api.w.org\/{rel}","templated":true}]}}